{"id":2846,"date":"2014-07-24T12:16:29","date_gmt":"2014-07-24T10:16:29","guid":{"rendered":"https:\/\/www.wineryon.com\/wordpress\/?post_type=product&#038;p=2846"},"modified":"2025-10-22T13:40:44","modified_gmt":"2025-10-22T11:40:44","slug":"demuerte-classic","status":"publish","type":"product","link":"https:\/\/www.wineryon.com\/en\/producto\/demuerte-classic\/","title":{"rendered":"DEMUERTE CLASSIC"},"content":{"rendered":"<p>Elaborado con uvas de vi\u00f1as viejas de las variedades Monastrell y Syrah en riguroso secano. El vino reposa en barricas nuevas de roble franc\u00e9s durante un largo periodo de tiempo. Color rojo viol\u00e1ceo, nariz fina de frutos con un fondo de roble. Paso de boca suave y untuoso.<\/p>\n<p><strong>ESTE PRODUCTO SE VENDE EN CAJAS DE 6 BOTELLAS<\/strong><\/p>\n","protected":false},"excerpt":{"rendered":"<p>Elaborado con uvas de vi\u00f1as viejas de las variedades Monastrell y Syrah en riguroso secano. El vino reposa en barricas nuevas de roble franc\u00e9s durante un largo periodo de tiempo. Color rojo viol\u00e1ceo, nariz fina de frutos con un fondo de roble. Paso de boca suave y untuoso.<\/p>\n<p><strong><span style=\"color: #ff00a4;\">ESTE PRODUCTO SE VENDE EN CAJAS DE 6 BOTELLAS<\/span><\/strong><\/p>\n","protected":false},"featured_media":13346,"template":"","meta":[],"product_brand":[],"product_cat":[280],"product_tag":[189,350],"class_list":{"0":"post-2846","1":"product","2":"type-product","3":"status-publish","4":"has-post-thumbnail","6":"product_cat-vino","7":"product_tag-demuerte","8":"product_tag-demuerte-classic","9":"pa_cantidad-caja-6-botellas-es","10":"pa_cantidad-estuche-de-madera","12":"first","13":"instock","14":"shipping-taxable","15":"purchasable","16":"product-type-variable","17":"has-default-attributes"},"yoast_head":"<!-- This site is optimized with the Yoast SEO plugin v27.3 - https:\/\/yoast.com\/product\/yoast-seo-wordpress\/ -->\n<title>DEMUERTE CLASSIC - Winery On Creations<\/title>\n<meta name=\"description\" content=\"DEMUERTE CLASSIC es el nombre de un vino de Yecla que destaca por ser uno de los vinos m\u00e1s modernos y originales de los que se elaboran en la zona.\" \/>\n<meta name=\"robots\" content=\"index, follow, max-snippet:-1, max-image-preview:large, max-video-preview:-1\" \/>\n<link rel=\"canonical\" href=\"https:\/\/www.wineryon.com\/en\/producto\/demuerte-classic\/\" \/>\n<meta property=\"og:locale\" content=\"en_US\" \/>\n<meta property=\"og:type\" content=\"article\" \/>\n<meta property=\"og:title\" content=\"DEMUERTE CLASSIC - Winery On Creations\" \/>\n<meta property=\"og:description\" content=\"DEMUERTE CLASSIC es el nombre de un vino de Yecla que destaca por ser uno de los vinos m\u00e1s modernos y originales de los que se elaboran en la zona.\" \/>\n<meta property=\"og:url\" content=\"https:\/\/www.wineryon.com\/en\/producto\/demuerte-classic\/\" \/>\n<meta property=\"og:site_name\" content=\"Winery On Creations\" \/>\n<meta property=\"article:publisher\" content=\"https:\/\/www.facebook.com\/winery.on\/?fref=ts\" \/>\n<meta property=\"article:modified_time\" content=\"2025-10-22T11:40:44+00:00\" \/>\n<meta property=\"og:image\" content=\"https:\/\/www.wineryon.com\/wp-content\/uploads\/2014\/07\/demuerte-classic-1.jpg\" \/>\n\t<meta property=\"og:image:width\" content=\"1000\" \/>\n\t<meta property=\"og:image:height\" content=\"1000\" \/>\n\t<meta property=\"og:image:type\" content=\"image\/jpeg\" \/>\n<meta name=\"twitter:label1\" content=\"Est. reading time\" \/>\n\t<meta name=\"twitter:data1\" content=\"1 minute\" \/>\n<script type=\"application\/ld+json\" class=\"yoast-schema-graph\">{\"@context\":\"https:\\\/\\\/schema.org\",\"@graph\":[{\"@type\":\"WebPage\",\"@id\":\"https:\\\/\\\/www.wineryon.com\\\/en\\\/producto\\\/demuerte-classic\\\/\",\"url\":\"https:\\\/\\\/www.wineryon.com\\\/en\\\/producto\\\/demuerte-classic\\\/\",\"name\":\"DEMUERTE CLASSIC - Winery On Creations\",\"isPartOf\":{\"@id\":\"https:\\\/\\\/www.wineryon.com\\\/en\\\/#website\"},\"primaryImageOfPage\":{\"@id\":\"https:\\\/\\\/www.wineryon.com\\\/en\\\/producto\\\/demuerte-classic\\\/#primaryimage\"},\"image\":{\"@id\":\"https:\\\/\\\/www.wineryon.com\\\/en\\\/producto\\\/demuerte-classic\\\/#primaryimage\"},\"thumbnailUrl\":\"https:\\\/\\\/www.wineryon.com\\\/wp-content\\\/uploads\\\/2014\\\/07\\\/demuerte-classic-1.jpg\",\"datePublished\":\"2014-07-24T10:16:29+00:00\",\"dateModified\":\"2025-10-22T11:40:44+00:00\",\"description\":\"DEMUERTE CLASSIC es el nombre de un vino de Yecla que destaca por ser uno de los vinos m\u00e1s modernos y originales de los que se elaboran en la zona.\",\"breadcrumb\":{\"@id\":\"https:\\\/\\\/www.wineryon.com\\\/en\\\/producto\\\/demuerte-classic\\\/#breadcrumb\"},\"inLanguage\":\"en-US\",\"potentialAction\":[{\"@type\":\"ReadAction\",\"target\":[\"https:\\\/\\\/www.wineryon.com\\\/en\\\/producto\\\/demuerte-classic\\\/\"]}]},{\"@type\":\"ImageObject\",\"inLanguage\":\"en-US\",\"@id\":\"https:\\\/\\\/www.wineryon.com\\\/en\\\/producto\\\/demuerte-classic\\\/#primaryimage\",\"url\":\"https:\\\/\\\/www.wineryon.com\\\/wp-content\\\/uploads\\\/2014\\\/07\\\/demuerte-classic-1.jpg\",\"contentUrl\":\"https:\\\/\\\/www.wineryon.com\\\/wp-content\\\/uploads\\\/2014\\\/07\\\/demuerte-classic-1.jpg\",\"width\":1000,\"height\":1000,\"caption\":\"DEMUERTE CLASSIC\"},{\"@type\":\"BreadcrumbList\",\"@id\":\"https:\\\/\\\/www.wineryon.com\\\/en\\\/producto\\\/demuerte-classic\\\/#breadcrumb\",\"itemListElement\":[{\"@type\":\"ListItem\",\"position\":1,\"name\":\"Portada\",\"item\":\"https:\\\/\\\/www.wineryon.com\\\/en\\\/\"},{\"@type\":\"ListItem\",\"position\":2,\"name\":\"Shop\",\"item\":\"https:\\\/\\\/www.wineryon.com\\\/en\\\/shop\\\/\"},{\"@type\":\"ListItem\",\"position\":3,\"name\":\"DEMUERTE CLASSIC\"}]},{\"@type\":\"WebSite\",\"@id\":\"https:\\\/\\\/www.wineryon.com\\\/en\\\/#website\",\"url\":\"https:\\\/\\\/www.wineryon.com\\\/en\\\/\",\"name\":\"Winery On Creations\",\"description\":\"Winery On la nueva bodega que fusiona el vino de calidad con el dise\u00f1o innovador de su presentaci\u00f3n.\",\"publisher\":{\"@id\":\"https:\\\/\\\/www.wineryon.com\\\/en\\\/#organization\"},\"potentialAction\":[{\"@type\":\"SearchAction\",\"target\":{\"@type\":\"EntryPoint\",\"urlTemplate\":\"https:\\\/\\\/www.wineryon.com\\\/en\\\/?s={search_term_string}\"},\"query-input\":{\"@type\":\"PropertyValueSpecification\",\"valueRequired\":true,\"valueName\":\"search_term_string\"}}],\"inLanguage\":\"en-US\"},{\"@type\":\"Organization\",\"@id\":\"https:\\\/\\\/www.wineryon.com\\\/en\\\/#organization\",\"name\":\"Winery On\",\"url\":\"https:\\\/\\\/www.wineryon.com\\\/en\\\/\",\"logo\":{\"@type\":\"ImageObject\",\"inLanguage\":\"en-US\",\"@id\":\"https:\\\/\\\/www.wineryon.com\\\/en\\\/#\\\/schema\\\/logo\\\/image\\\/\",\"url\":\"https:\\\/\\\/www.wineryon.com\\\/wp-content\\\/uploads\\\/2016\\\/12\\\/Wineryon_Logo.jpg\",\"contentUrl\":\"https:\\\/\\\/www.wineryon.com\\\/wp-content\\\/uploads\\\/2016\\\/12\\\/Wineryon_Logo.jpg\",\"width\":1543,\"height\":854,\"caption\":\"Winery On\"},\"image\":{\"@id\":\"https:\\\/\\\/www.wineryon.com\\\/en\\\/#\\\/schema\\\/logo\\\/image\\\/\"},\"sameAs\":[\"https:\\\/\\\/www.facebook.com\\\/winery.on\\\/?fref=ts\",\"https:\\\/\\\/x.com\\\/Winery_On\"]}]}<\/script>\n<!-- \/ Yoast SEO plugin. -->","yoast_head_json":{"title":"DEMUERTE CLASSIC - Winery On Creations","description":"DEMUERTE CLASSIC es el nombre de un vino de Yecla que destaca por ser uno de los vinos m\u00e1s modernos y originales de los que se elaboran en la zona.","robots":{"index":"index","follow":"follow","max-snippet":"max-snippet:-1","max-image-preview":"max-image-preview:large","max-video-preview":"max-video-preview:-1"},"canonical":"https:\/\/www.wineryon.com\/en\/producto\/demuerte-classic\/","og_locale":"en_US","og_type":"article","og_title":"DEMUERTE CLASSIC - Winery On Creations","og_description":"DEMUERTE CLASSIC es el nombre de un vino de Yecla que destaca por ser uno de los vinos m\u00e1s modernos y originales de los que se elaboran en la zona.","og_url":"https:\/\/www.wineryon.com\/en\/producto\/demuerte-classic\/","og_site_name":"Winery On Creations","article_publisher":"https:\/\/www.facebook.com\/winery.on\/?fref=ts","article_modified_time":"2025-10-22T11:40:44+00:00","og_image":[{"width":1000,"height":1000,"url":"https:\/\/www.wineryon.com\/wp-content\/uploads\/2014\/07\/demuerte-classic-1.jpg","type":"image\/jpeg"}],"twitter_misc":{"Est. reading time":"1 minute"},"schema":{"@context":"https:\/\/schema.org","@graph":[{"@type":"WebPage","@id":"https:\/\/www.wineryon.com\/en\/producto\/demuerte-classic\/","url":"https:\/\/www.wineryon.com\/en\/producto\/demuerte-classic\/","name":"DEMUERTE CLASSIC - Winery On Creations","isPartOf":{"@id":"https:\/\/www.wineryon.com\/en\/#website"},"primaryImageOfPage":{"@id":"https:\/\/www.wineryon.com\/en\/producto\/demuerte-classic\/#primaryimage"},"image":{"@id":"https:\/\/www.wineryon.com\/en\/producto\/demuerte-classic\/#primaryimage"},"thumbnailUrl":"https:\/\/www.wineryon.com\/wp-content\/uploads\/2014\/07\/demuerte-classic-1.jpg","datePublished":"2014-07-24T10:16:29+00:00","dateModified":"2025-10-22T11:40:44+00:00","description":"DEMUERTE CLASSIC es el nombre de un vino de Yecla que destaca por ser uno de los vinos m\u00e1s modernos y originales de los que se elaboran en la zona.","breadcrumb":{"@id":"https:\/\/www.wineryon.com\/en\/producto\/demuerte-classic\/#breadcrumb"},"inLanguage":"en-US","potentialAction":[{"@type":"ReadAction","target":["https:\/\/www.wineryon.com\/en\/producto\/demuerte-classic\/"]}]},{"@type":"ImageObject","inLanguage":"en-US","@id":"https:\/\/www.wineryon.com\/en\/producto\/demuerte-classic\/#primaryimage","url":"https:\/\/www.wineryon.com\/wp-content\/uploads\/2014\/07\/demuerte-classic-1.jpg","contentUrl":"https:\/\/www.wineryon.com\/wp-content\/uploads\/2014\/07\/demuerte-classic-1.jpg","width":1000,"height":1000,"caption":"DEMUERTE CLASSIC"},{"@type":"BreadcrumbList","@id":"https:\/\/www.wineryon.com\/en\/producto\/demuerte-classic\/#breadcrumb","itemListElement":[{"@type":"ListItem","position":1,"name":"Portada","item":"https:\/\/www.wineryon.com\/en\/"},{"@type":"ListItem","position":2,"name":"Shop","item":"https:\/\/www.wineryon.com\/en\/shop\/"},{"@type":"ListItem","position":3,"name":"DEMUERTE CLASSIC"}]},{"@type":"WebSite","@id":"https:\/\/www.wineryon.com\/en\/#website","url":"https:\/\/www.wineryon.com\/en\/","name":"Winery On Creations","description":"Winery On la nueva bodega que fusiona el vino de calidad con el dise\u00f1o innovador de su presentaci\u00f3n.","publisher":{"@id":"https:\/\/www.wineryon.com\/en\/#organization"},"potentialAction":[{"@type":"SearchAction","target":{"@type":"EntryPoint","urlTemplate":"https:\/\/www.wineryon.com\/en\/?s={search_term_string}"},"query-input":{"@type":"PropertyValueSpecification","valueRequired":true,"valueName":"search_term_string"}}],"inLanguage":"en-US"},{"@type":"Organization","@id":"https:\/\/www.wineryon.com\/en\/#organization","name":"Winery On","url":"https:\/\/www.wineryon.com\/en\/","logo":{"@type":"ImageObject","inLanguage":"en-US","@id":"https:\/\/www.wineryon.com\/en\/#\/schema\/logo\/image\/","url":"https:\/\/www.wineryon.com\/wp-content\/uploads\/2016\/12\/Wineryon_Logo.jpg","contentUrl":"https:\/\/www.wineryon.com\/wp-content\/uploads\/2016\/12\/Wineryon_Logo.jpg","width":1543,"height":854,"caption":"Winery On"},"image":{"@id":"https:\/\/www.wineryon.com\/en\/#\/schema\/logo\/image\/"},"sameAs":["https:\/\/www.facebook.com\/winery.on\/?fref=ts","https:\/\/x.com\/Winery_On"]}]}},"_links":{"self":[{"href":"https:\/\/www.wineryon.com\/en\/wp-json\/wp\/v2\/product\/2846","targetHints":{"allow":["GET"]}}],"collection":[{"href":"https:\/\/www.wineryon.com\/en\/wp-json\/wp\/v2\/product"}],"about":[{"href":"https:\/\/www.wineryon.com\/en\/wp-json\/wp\/v2\/types\/product"}],"wp:featuredmedia":[{"embeddable":true,"href":"https:\/\/www.wineryon.com\/en\/wp-json\/wp\/v2\/media\/13346"}],"wp:attachment":[{"href":"https:\/\/www.wineryon.com\/en\/wp-json\/wp\/v2\/media?parent=2846"}],"wp:term":[{"taxonomy":"product_brand","embeddable":true,"href":"https:\/\/www.wineryon.com\/en\/wp-json\/wp\/v2\/product_brand?post=2846"},{"taxonomy":"product_cat","embeddable":true,"href":"https:\/\/www.wineryon.com\/en\/wp-json\/wp\/v2\/product_cat?post=2846"},{"taxonomy":"product_tag","embeddable":true,"href":"https:\/\/www.wineryon.com\/en\/wp-json\/wp\/v2\/product_tag?post=2846"}],"curies":[{"name":"wp","href":"https:\/\/api.w.org\/{rel}","templated":true}]}}